{"id":991,"date":"2024-10-23T12:32:43","date_gmt":"2024-10-23T10:32:43","guid":{"rendered":"https:\/\/photo.roland.yt\/?page_id=991"},"modified":"2024-10-23T12:32:43","modified_gmt":"2024-10-23T10:32:43","slug":"plattsburgh","status":"publish","type":"page","link":"https:\/\/photo.roland.yt\/?page_id=991","title":{"rendered":"Plattsburgh"},"content":{"rendered":"\n<p>New York USA<\/p>\n\n\n<style type=\"text\/css\" scoped>.rbs_gallery_69f19df6e4119Spinner{\r\n\t\t\t\tmargin: 50px auto;\r\n\t\t\t\twidth: 50px;\r\n\t\t\t\theight: 40px;\r\n\t\t\t\ttext-align: center;\r\n\t\t\t\tfont-size: 10px;\r\n\t\t\t}\r\n\t\t\t.rbs_gallery_69f19df6e4119Spinner > div{\r\n\t\t\t  background-color: #333;\r\n\t\t\t  height: 100%;\r\n\t\t\t  width: 6px;\r\n\t\t\t  display: inline-block;\r\n\t\t\t  -webkit-animation: rbs_gallery_69f19df6e4119-stretchdelay 1.2s infinite ease-in-out;\r\n\t\t\t  animation: rbs_gallery_69f19df6e4119-stretchdelay 1.2s infinite ease-in-out;\r\n\t\t\t}\r\n\t\t\t.rbs_gallery_69f19df6e4119Spinner .rbs_gallery_69f19df6e4119Rect2 {\r\n\t\t\t  -webkit-animation-delay: -1.1s;\r\n\t\t\t  animation-delay: -1.1s;\r\n\t\t\t}\r\n\t\t\t.rbs_gallery_69f19df6e4119Spinner .rbs_gallery_69f19df6e4119Rect3 {\r\n\t\t\t  -webkit-animation-delay: -1.0s;\r\n\t\t\t  animation-delay: -1.0s;\r\n\t\t\t}\r\n\t\t\t.rbs_gallery_69f19df6e4119Spinner .rbs_gallery_69f19df6e4119Rect4 {\r\n\t\t\t  -webkit-animation-delay: -0.9s;\r\n\t\t\t  animation-delay: -0.9s;\r\n\t\t\t}\r\n\t\t\t.rbs_gallery_69f19df6e4119Spinner .rbs_gallery_69f19df6e4119Rect5 {\r\n\t\t\t  -webkit-animation-delay: -0.8s;\r\n\t\t\t  animation-delay: -0.8s;\r\n\t\t\t}\r\n\t\t\t@-webkit-keyframes rbs_gallery_69f19df6e4119-stretchdelay {\r\n\t\t\t  0%, 40%, 100% { -webkit-transform: scaleY(0.4) }  \r\n\t\t\t  20% { -webkit-transform: scaleY(1.0) }\r\n\t\t\t}\r\n\t\t\t@keyframes rbs_gallery_69f19df6e4119-stretchdelay {\r\n\t\t\t  0%, 40%, 100% { \r\n\t\t\t    transform: scaleY(0.4);\r\n\t\t\t    -webkit-transform: scaleY(0.4);\r\n\t\t\t  }  20% { \r\n\t\t\t    transform: scaleY(1.0);\r\n\t\t\t    -webkit-transform: scaleY(1.0);\r\n\t\t\t  }\r\n\t\t\t}\r\n\t\t<\/style><div class=\"robo-gallery-wrap robo-gallery-wrap-id971 robo-gallery-mosaic\"  oncontextmenu=\"return false\"  onselectstart=\"return false\"  ondragstart=\"return false\" ><div id=\"rbs_gallery_69f19df6e4119-block-loader\" class=\"rbs_gallery_69f19df6e4119Spinner\"><div class=\"rbs_gallery_69f19df6e4119Rect1\"><\/div> <div class=\"rbs_gallery_69f19df6e4119Rect2\"><\/div> <div class=\"rbs_gallery_69f19df6e4119Rect3\"><\/div> <div class=\"rbs_gallery_69f19df6e4119Rect4\"><\/div> <div class=\"rbs_gallery_69f19df6e4119Rect5\"><\/div><\/div><div id=\"robo_gallery_main_block_rbs_gallery_69f19df6e4119\" class=\"robogallery-gallery-971\" style=\"width:100%;  display: none;\"><div id=\"rbs_gallery_69f19df6e4119\" data-options=\"rbs_gallery_69f19df6e4119\" style=\"width:100%;\" class=\"robo_gallery  \"><div class=\"rbs-img  category971 \" ><div class=\"rbs-img-image   rbs-lightbox \" ><div class=\"rbs-img-thumbs\"  data-thumbnail=\"https:\/\/photo.roland.yt\/wp-content\/uploads\/2024\/10\/D56_6614.jpg\"  title=\"D56_6614\"  data-width=\"1198\"  data-height=\"800\" ><\/div><div class=\"rbs-img-data-popup\"  data-popup=\"https:\/\/photo.roland.yt\/wp-content\/uploads\/2024\/10\/D56_6614.jpg\"  title=\"D56_6614\" ><\/div><div class=\"thumbnail-overlay\"><div class=\"rbsIcons\"><i class=\"fa fa-image rbsZoomIcon \" ><\/i><\/div><\/div><\/div><\/div><div class=\"rbs-img  category971 \" ><div class=\"rbs-img-image   rbs-lightbox \" ><div class=\"rbs-img-thumbs\"  data-thumbnail=\"https:\/\/photo.roland.yt\/wp-content\/uploads\/2024\/10\/D56_6664.jpg\"  title=\"D56_6664\"  data-width=\"534\"  data-height=\"800\" ><\/div><div class=\"rbs-img-data-popup\"  data-popup=\"https:\/\/photo.roland.yt\/wp-content\/uploads\/2024\/10\/D56_6664.jpg\"  title=\"D56_6664\" ><\/div><div class=\"thumbnail-overlay\"><div class=\"rbsIcons\"><i class=\"fa fa-image rbsZoomIcon \" ><\/i><\/div><\/div><\/div><\/div><div class=\"rbs-img  category971 \"  data-columns=\"3\" ><div class=\"rbs-img-image   rbs-lightbox \" ><div class=\"rbs-img-thumbs\"  data-thumbnail=\"https:\/\/photo.roland.yt\/wp-content\/uploads\/2024\/10\/D56_6613.jpg\"  title=\"D56_6613\"  data-width=\"1200\"  data-height=\"739\" ><\/div><div class=\"rbs-img-data-popup\"  data-popup=\"https:\/\/photo.roland.yt\/wp-content\/uploads\/2024\/10\/D56_6613.jpg\"  title=\"D56_6613\" ><\/div><div class=\"thumbnail-overlay\"><div class=\"rbsIcons\"><i class=\"fa fa-image rbsZoomIcon \" ><\/i><\/div><\/div><\/div><\/div><div class=\"rbs-img  category971 \" ><div class=\"rbs-img-image   rbs-lightbox \" ><div class=\"rbs-img-thumbs\"  data-thumbnail=\"https:\/\/photo.roland.yt\/wp-content\/uploads\/2024\/10\/D56_6604.jpg\"  title=\"D56_6604\"  data-width=\"570\"  data-height=\"800\" ><\/div><div class=\"rbs-img-data-popup\"  data-popup=\"https:\/\/photo.roland.yt\/wp-content\/uploads\/2024\/10\/D56_6604.jpg\"  title=\"D56_6604\" ><\/div><div class=\"thumbnail-overlay\"><div class=\"rbsIcons\"><i class=\"fa fa-image rbsZoomIcon \" ><\/i><\/div><\/div><\/div><\/div><div class=\"rbs-img  category971 \"  data-columns=\"2\" ><div class=\"rbs-img-image   rbs-lightbox \" ><div class=\"rbs-img-thumbs\"  data-thumbnail=\"https:\/\/photo.roland.yt\/wp-content\/uploads\/2024\/10\/D56_6636.jpg\"  title=\"D56_6636\"  data-width=\"534\"  data-height=\"800\" ><\/div><div class=\"rbs-img-data-popup\"  data-popup=\"https:\/\/photo.roland.yt\/wp-content\/uploads\/2024\/10\/D56_6636.jpg\"  title=\"D56_6636\" ><\/div><div class=\"thumbnail-overlay\"><div class=\"rbsIcons\"><i class=\"fa fa-image rbsZoomIcon \" ><\/i><\/div><\/div><\/div><\/div><div class=\"rbs-img  category971 \" ><div class=\"rbs-img-image   rbs-lightbox \" ><div class=\"rbs-img-thumbs\"  data-thumbnail=\"https:\/\/photo.roland.yt\/wp-content\/uploads\/2024\/10\/D56_6637.jpg\"  title=\"D56_6637\"  data-width=\"1200\"  data-height=\"744\" ><\/div><div class=\"rbs-img-data-popup\"  data-popup=\"https:\/\/photo.roland.yt\/wp-content\/uploads\/2024\/10\/D56_6637.jpg\"  title=\"D56_6637\" ><\/div><div class=\"thumbnail-overlay\"><div class=\"rbsIcons\"><i class=\"fa fa-image rbsZoomIcon \" ><\/i><\/div><\/div><\/div><\/div><div class=\"rbs-img  category971 \" ><div class=\"rbs-img-image   rbs-lightbox \" ><div class=\"rbs-img-thumbs\"  data-thumbnail=\"https:\/\/photo.roland.yt\/wp-content\/uploads\/2024\/10\/D56_6609.jpg\"  title=\"D56_6609\"  data-width=\"534\"  data-height=\"800\" ><\/div><div class=\"rbs-img-data-popup\"  data-popup=\"https:\/\/photo.roland.yt\/wp-content\/uploads\/2024\/10\/D56_6609.jpg\"  title=\"D56_6609\" ><\/div><div class=\"thumbnail-overlay\"><div class=\"rbsIcons\"><i class=\"fa fa-image rbsZoomIcon \" ><\/i><\/div><\/div><\/div><\/div><div class=\"rbs-img  category971 \" ><div class=\"rbs-img-image   rbs-lightbox \" ><div class=\"rbs-img-thumbs\"  data-thumbnail=\"https:\/\/photo.roland.yt\/wp-content\/uploads\/2024\/10\/D56_6662.jpg\"  title=\"D56_6662\"  data-width=\"1198\"  data-height=\"800\" ><\/div><div class=\"rbs-img-data-popup\"  data-popup=\"https:\/\/photo.roland.yt\/wp-content\/uploads\/2024\/10\/D56_6662.jpg\"  title=\"D56_6662\" ><\/div><div class=\"thumbnail-overlay\"><div class=\"rbsIcons\"><i class=\"fa fa-image rbsZoomIcon \" ><\/i><\/div><\/div><\/div><\/div><div class=\"rbs-img  category971 \" ><div class=\"rbs-img-image   rbs-lightbox \" ><div class=\"rbs-img-thumbs\"  data-thumbnail=\"https:\/\/photo.roland.yt\/wp-content\/uploads\/2024\/10\/D56_6640.jpg\"  title=\"D56_6640\"  data-width=\"534\"  data-height=\"800\" ><\/div><div class=\"rbs-img-data-popup\"  data-popup=\"https:\/\/photo.roland.yt\/wp-content\/uploads\/2024\/10\/D56_6640.jpg\"  title=\"D56_6640\" ><\/div><div class=\"thumbnail-overlay\"><div class=\"rbsIcons\"><i class=\"fa fa-image rbsZoomIcon \" ><\/i><\/div><\/div><\/div><\/div><div class=\"rbs-img  category971 \" ><div class=\"rbs-img-image   rbs-lightbox \" ><div class=\"rbs-img-thumbs\"  data-thumbnail=\"https:\/\/photo.roland.yt\/wp-content\/uploads\/2024\/10\/D56_6612.jpg\"  title=\"D56_6612\"  data-width=\"1198\"  data-height=\"800\" ><\/div><div class=\"rbs-img-data-popup\"  data-popup=\"https:\/\/photo.roland.yt\/wp-content\/uploads\/2024\/10\/D56_6612.jpg\"  title=\"D56_6612\" ><\/div><div class=\"thumbnail-overlay\"><div class=\"rbsIcons\"><i class=\"fa fa-image rbsZoomIcon \" ><\/i><\/div><\/div><\/div><\/div><div class=\"rbs-img  category971 \" ><div class=\"rbs-img-image   rbs-lightbox \" ><div class=\"rbs-img-thumbs\"  data-thumbnail=\"https:\/\/photo.roland.yt\/wp-content\/uploads\/2024\/10\/D56_6653.jpg\"  title=\"D56_6653\"  data-width=\"534\"  data-height=\"800\" ><\/div><div class=\"rbs-img-data-popup\"  data-popup=\"https:\/\/photo.roland.yt\/wp-content\/uploads\/2024\/10\/D56_6653.jpg\"  title=\"D56_6653\" ><\/div><div class=\"thumbnail-overlay\"><div class=\"rbsIcons\"><i class=\"fa fa-image rbsZoomIcon \" ><\/i><\/div><\/div><\/div><\/div><div class=\"rbs-img  category971 \"  data-columns=\"4\" ><div class=\"rbs-img-image   rbs-lightbox \" ><div class=\"rbs-img-thumbs\"  data-thumbnail=\"https:\/\/photo.roland.yt\/wp-content\/uploads\/2024\/10\/D75_3347.jpg\"  title=\"D75_3347\"  data-width=\"1200\"  data-height=\"799\" ><\/div><div class=\"rbs-img-data-popup\"  data-popup=\"https:\/\/photo.roland.yt\/wp-content\/uploads\/2024\/10\/D75_3347.jpg\"  title=\"D75_3347\" ><\/div><div class=\"thumbnail-overlay\"><div class=\"rbsIcons\"><i class=\"fa fa-image rbsZoomIcon \" ><\/i><\/div><\/div><\/div><\/div><div class=\"rbs-img  category971 \" ><div class=\"rbs-img-image   rbs-lightbox \" ><div class=\"rbs-img-thumbs\"  data-thumbnail=\"https:\/\/photo.roland.yt\/wp-content\/uploads\/2024\/10\/D56_6672.jpg\"  title=\"D56_6672\"  data-width=\"518\"  data-height=\"800\" ><\/div><div class=\"rbs-img-data-popup\"  data-popup=\"https:\/\/photo.roland.yt\/wp-content\/uploads\/2024\/10\/D56_6672.jpg\"  title=\"D56_6672\" ><\/div><div class=\"thumbnail-overlay\"><div class=\"rbsIcons\"><i class=\"fa fa-image rbsZoomIcon \" ><\/i><\/div><\/div><\/div><\/div><div class=\"rbs-img  category971 \"  data-columns=\"4\" ><div class=\"rbs-img-image   rbs-lightbox \" ><div class=\"rbs-img-thumbs\"  data-thumbnail=\"https:\/\/photo.roland.yt\/wp-content\/uploads\/2024\/10\/D56_6645.jpg\"  title=\"D56_6645\"  data-width=\"1198\"  data-height=\"800\" ><\/div><div class=\"rbs-img-data-popup\"  data-popup=\"https:\/\/photo.roland.yt\/wp-content\/uploads\/2024\/10\/D56_6645.jpg\"  title=\"D56_6645\" ><\/div><div class=\"thumbnail-overlay\"><div class=\"rbsIcons\"><i class=\"fa fa-image rbsZoomIcon \" ><\/i><\/div><\/div><\/div><\/div><div class=\"rbs-img  category971 \" ><div class=\"rbs-img-image   rbs-lightbox \" ><div class=\"rbs-img-thumbs\"  data-thumbnail=\"https:\/\/photo.roland.yt\/wp-content\/uploads\/2024\/10\/D56_6632.jpg\"  title=\"D56_6632\"  data-width=\"1198\"  data-height=\"800\" ><\/div><div class=\"rbs-img-data-popup\"  data-popup=\"https:\/\/photo.roland.yt\/wp-content\/uploads\/2024\/10\/D56_6632.jpg\"  title=\"D56_6632\" ><\/div><div class=\"thumbnail-overlay\"><div class=\"rbsIcons\"><i class=\"fa fa-image rbsZoomIcon \" ><\/i><\/div><\/div><\/div><\/div><div class=\"rbs-img  category971 \" ><div class=\"rbs-img-image   rbs-lightbox \" ><div class=\"rbs-img-thumbs\"  data-thumbnail=\"https:\/\/photo.roland.yt\/wp-content\/uploads\/2024\/10\/D56_6634.jpg\"  title=\"D56_6634\"  data-width=\"534\"  data-height=\"800\" ><\/div><div class=\"rbs-img-data-popup\"  data-popup=\"https:\/\/photo.roland.yt\/wp-content\/uploads\/2024\/10\/D56_6634.jpg\"  title=\"D56_6634\" ><\/div><div class=\"thumbnail-overlay\"><div class=\"rbsIcons\"><i class=\"fa fa-image rbsZoomIcon \" ><\/i><\/div><\/div><\/div><\/div><div class=\"rbs-img  category971 \" ><div class=\"rbs-img-image   rbs-lightbox \" ><div class=\"rbs-img-thumbs\"  data-thumbnail=\"https:\/\/photo.roland.yt\/wp-content\/uploads\/2024\/10\/D75_3343.jpg\"  title=\"D75_3343\"  data-width=\"533\"  data-height=\"800\" ><\/div><div class=\"rbs-img-data-popup\"  data-popup=\"https:\/\/photo.roland.yt\/wp-content\/uploads\/2024\/10\/D75_3343.jpg\"  title=\"D75_3343\" ><\/div><div class=\"thumbnail-overlay\"><div class=\"rbsIcons\"><i class=\"fa fa-image rbsZoomIcon \" ><\/i><\/div><\/div><\/div><\/div><div class=\"rbs-img  category971 \" ><div class=\"rbs-img-image   rbs-lightbox \" ><div class=\"rbs-img-thumbs\"  data-thumbnail=\"https:\/\/photo.roland.yt\/wp-content\/uploads\/2024\/10\/D56_6629.jpg\"  title=\"D56_6629\"  data-width=\"534\"  data-height=\"800\" ><\/div><div class=\"rbs-img-data-popup\"  data-popup=\"https:\/\/photo.roland.yt\/wp-content\/uploads\/2024\/10\/D56_6629.jpg\"  title=\"D56_6629\" ><\/div><div class=\"thumbnail-overlay\"><div class=\"rbsIcons\"><i class=\"fa fa-image rbsZoomIcon \" ><\/i><\/div><\/div><\/div><\/div><div class=\"rbs-img  category971 \" ><div class=\"rbs-img-image   rbs-lightbox \" ><div class=\"rbs-img-thumbs\"  data-thumbnail=\"https:\/\/photo.roland.yt\/wp-content\/uploads\/2024\/10\/D75_3342.jpg\"  title=\"D75_3342\"  data-width=\"1200\"  data-height=\"799\" ><\/div><div class=\"rbs-img-data-popup\"  data-popup=\"https:\/\/photo.roland.yt\/wp-content\/uploads\/2024\/10\/D75_3342.jpg\"  title=\"D75_3342\" ><\/div><div class=\"thumbnail-overlay\"><div class=\"rbsIcons\"><i class=\"fa fa-image rbsZoomIcon \" ><\/i><\/div><\/div><\/div><\/div><\/div><\/div><\/div><script>var rbs_gallery_69f19df6e4119 = {\"version\":\"5.1.4\",\"id\":971,\"class\":\"id971\",\"roboGalleryDelay\":1000,\"mainContainer\":\"#robo_gallery_main_block_rbs_gallery_69f19df6e4119\",\"loadingContainer\":\"#rbs_gallery_69f19df6e4119-block-loader\",\"loadingContainerObj\":\"rbs_gallery_69f19df6e4119-block-loader\",\"columnWidth\":\"auto\",\"columns\":8,\"resolutions\":[{\"columnWidth\":\"auto\",\"columns\":3,\"maxWidth\":960},{\"columnWidth\":\"auto\",\"columns\":2,\"maxWidth\":650},{\"columnWidth\":\"auto\",\"columns\":1,\"maxWidth\":450}],\"protectionEnable\":true,\"lightboxOptions\":{\"gallery\":{\"enabled\":true,\"tCounter\":\"%curr% of %total%\"}},\"borderSize\":5,\"overlayEffect\":\"direction-aware-fade\",\"boxesToLoadStart\":20,\"boxesToLoad\":8,\"waitUntilThumbLoads\":1,\"LoadingWord\":\"Loading...\",\"loadMoreWord\":\"Load More\",\"noMoreEntriesWord\":\"No More Entries\",\"horizontalSpaceBetweenBoxes\":15,\"verticalSpaceBetweenBoxes\":15,\"lazyLoad\":1,\"wrapContainer\":\"#robo-gallery-wrap-rbs_gallery_69f19df6e4119\"};<\/script>\n","protected":false},"excerpt":{"rendered":"<p>New York USA<\/p>\n","protected":false},"author":1,"featured_media":0,"parent":0,"menu_order":0,"comment_status":"closed","ping_status":"closed","template":"","meta":{"footnotes":""},"class_list":["post-991","page","type-page","status-publish","hentry"],"yoast_head":"<!-- This site is optimized with the Yoast SEO plugin v27.4 - https:\/\/yoast.com\/product\/yoast-seo-wordpress\/ -->\n<title>Plattsburgh - photo Fran\u00e7ois ROLAND<\/title>\n<meta name=\"robots\" content=\"index, follow, max-snippet:-1, max-image-preview:large, max-video-preview:-1\" \/>\n<link rel=\"canonical\" href=\"https:\/\/photo.roland.yt\/?page_id=991\" \/>\n<meta property=\"og:locale\" content=\"fr_FR\" \/>\n<meta property=\"og:type\" content=\"article\" \/>\n<meta property=\"og:title\" content=\"Plattsburgh - photo Fran\u00e7ois ROLAND\" \/>\n<meta property=\"og:description\" content=\"New York USA\" \/>\n<meta property=\"og:url\" content=\"https:\/\/photo.roland.yt\/?page_id=991\" \/>\n<meta property=\"og:site_name\" content=\"photo Fran\u00e7ois ROLAND\" \/>\n<meta name=\"twitter:card\" content=\"summary_large_image\" \/>\n<meta name=\"twitter:label1\" content=\"Dur\u00e9e de lecture estim\u00e9e\" \/>\n\t<meta name=\"twitter:data1\" content=\"1 minute\" \/>\n<script type=\"application\/ld+json\" class=\"yoast-schema-graph\">{\"@context\":\"https:\\\/\\\/schema.org\",\"@graph\":[{\"@type\":\"WebPage\",\"@id\":\"https:\\\/\\\/photo.roland.yt\\\/?page_id=991\",\"url\":\"https:\\\/\\\/photo.roland.yt\\\/?page_id=991\",\"name\":\"Plattsburgh - photo Fran\u00e7ois ROLAND\",\"isPartOf\":{\"@id\":\"https:\\\/\\\/photo.roland.yt\\\/#website\"},\"datePublished\":\"2024-10-23T10:32:43+00:00\",\"breadcrumb\":{\"@id\":\"https:\\\/\\\/photo.roland.yt\\\/?page_id=991#breadcrumb\"},\"inLanguage\":\"fr-FR\",\"potentialAction\":[{\"@type\":\"ReadAction\",\"target\":[\"https:\\\/\\\/photo.roland.yt\\\/?page_id=991\"]}]},{\"@type\":\"BreadcrumbList\",\"@id\":\"https:\\\/\\\/photo.roland.yt\\\/?page_id=991#breadcrumb\",\"itemListElement\":[{\"@type\":\"ListItem\",\"position\":1,\"name\":\"Accueil\",\"item\":\"https:\\\/\\\/photo.roland.yt\\\/\"},{\"@type\":\"ListItem\",\"position\":2,\"name\":\"Plattsburgh\"}]},{\"@type\":\"WebSite\",\"@id\":\"https:\\\/\\\/photo.roland.yt\\\/#website\",\"url\":\"https:\\\/\\\/photo.roland.yt\\\/\",\"name\":\"photo Fran\u00e7ois ROLAND\",\"description\":\"\",\"publisher\":{\"@id\":\"https:\\\/\\\/photo.roland.yt\\\/#\\\/schema\\\/person\\\/c3f0c6e0faf4849e67da722f702154e6\"},\"potentialAction\":[{\"@type\":\"SearchAction\",\"target\":{\"@type\":\"EntryPoint\",\"urlTemplate\":\"https:\\\/\\\/photo.roland.yt\\\/?s={search_term_string}\"},\"query-input\":{\"@type\":\"PropertyValueSpecification\",\"valueRequired\":true,\"valueName\":\"search_term_string\"}}],\"inLanguage\":\"fr-FR\"},{\"@type\":[\"Person\",\"Organization\"],\"@id\":\"https:\\\/\\\/photo.roland.yt\\\/#\\\/schema\\\/person\\\/c3f0c6e0faf4849e67da722f702154e6\",\"name\":\"zeverybest\",\"image\":{\"@type\":\"ImageObject\",\"inLanguage\":\"fr-FR\",\"@id\":\"https:\\\/\\\/secure.gravatar.com\\\/avatar\\\/3352f932de9506753d08474f91965a3ffdeb05e0d4e86f7b5c32d7c248cad238?s=96&d=mm&r=g\",\"url\":\"https:\\\/\\\/secure.gravatar.com\\\/avatar\\\/3352f932de9506753d08474f91965a3ffdeb05e0d4e86f7b5c32d7c248cad238?s=96&d=mm&r=g\",\"contentUrl\":\"https:\\\/\\\/secure.gravatar.com\\\/avatar\\\/3352f932de9506753d08474f91965a3ffdeb05e0d4e86f7b5c32d7c248cad238?s=96&d=mm&r=g\",\"caption\":\"zeverybest\"},\"logo\":{\"@id\":\"https:\\\/\\\/secure.gravatar.com\\\/avatar\\\/3352f932de9506753d08474f91965a3ffdeb05e0d4e86f7b5c32d7c248cad238?s=96&d=mm&r=g\"},\"sameAs\":[\"http:\\\/\\\/192.168.1.67\"]}]}<\/script>\n<!-- \/ Yoast SEO plugin. -->","yoast_head_json":{"title":"Plattsburgh - photo Fran\u00e7ois ROLAND","robots":{"index":"index","follow":"follow","max-snippet":"max-snippet:-1","max-image-preview":"max-image-preview:large","max-video-preview":"max-video-preview:-1"},"canonical":"https:\/\/photo.roland.yt\/?page_id=991","og_locale":"fr_FR","og_type":"article","og_title":"Plattsburgh - photo Fran\u00e7ois ROLAND","og_description":"New York USA","og_url":"https:\/\/photo.roland.yt\/?page_id=991","og_site_name":"photo Fran\u00e7ois ROLAND","twitter_card":"summary_large_image","twitter_misc":{"Dur\u00e9e de lecture estim\u00e9e":"1 minute"},"schema":{"@context":"https:\/\/schema.org","@graph":[{"@type":"WebPage","@id":"https:\/\/photo.roland.yt\/?page_id=991","url":"https:\/\/photo.roland.yt\/?page_id=991","name":"Plattsburgh - photo Fran\u00e7ois ROLAND","isPartOf":{"@id":"https:\/\/photo.roland.yt\/#website"},"datePublished":"2024-10-23T10:32:43+00:00","breadcrumb":{"@id":"https:\/\/photo.roland.yt\/?page_id=991#breadcrumb"},"inLanguage":"fr-FR","potentialAction":[{"@type":"ReadAction","target":["https:\/\/photo.roland.yt\/?page_id=991"]}]},{"@type":"BreadcrumbList","@id":"https:\/\/photo.roland.yt\/?page_id=991#breadcrumb","itemListElement":[{"@type":"ListItem","position":1,"name":"Accueil","item":"https:\/\/photo.roland.yt\/"},{"@type":"ListItem","position":2,"name":"Plattsburgh"}]},{"@type":"WebSite","@id":"https:\/\/photo.roland.yt\/#website","url":"https:\/\/photo.roland.yt\/","name":"photo Fran\u00e7ois ROLAND","description":"","publisher":{"@id":"https:\/\/photo.roland.yt\/#\/schema\/person\/c3f0c6e0faf4849e67da722f702154e6"},"potentialAction":[{"@type":"SearchAction","target":{"@type":"EntryPoint","urlTemplate":"https:\/\/photo.roland.yt\/?s={search_term_string}"},"query-input":{"@type":"PropertyValueSpecification","valueRequired":true,"valueName":"search_term_string"}}],"inLanguage":"fr-FR"},{"@type":["Person","Organization"],"@id":"https:\/\/photo.roland.yt\/#\/schema\/person\/c3f0c6e0faf4849e67da722f702154e6","name":"zeverybest","image":{"@type":"ImageObject","inLanguage":"fr-FR","@id":"https:\/\/secure.gravatar.com\/avatar\/3352f932de9506753d08474f91965a3ffdeb05e0d4e86f7b5c32d7c248cad238?s=96&d=mm&r=g","url":"https:\/\/secure.gravatar.com\/avatar\/3352f932de9506753d08474f91965a3ffdeb05e0d4e86f7b5c32d7c248cad238?s=96&d=mm&r=g","contentUrl":"https:\/\/secure.gravatar.com\/avatar\/3352f932de9506753d08474f91965a3ffdeb05e0d4e86f7b5c32d7c248cad238?s=96&d=mm&r=g","caption":"zeverybest"},"logo":{"@id":"https:\/\/secure.gravatar.com\/avatar\/3352f932de9506753d08474f91965a3ffdeb05e0d4e86f7b5c32d7c248cad238?s=96&d=mm&r=g"},"sameAs":["http:\/\/192.168.1.67"]}]}},"_links":{"self":[{"href":"https:\/\/photo.roland.yt\/index.php?rest_route=\/wp\/v2\/pages\/991","targetHints":{"allow":["GET"]}}],"collection":[{"href":"https:\/\/photo.roland.yt\/index.php?rest_route=\/wp\/v2\/pages"}],"about":[{"href":"https:\/\/photo.roland.yt\/index.php?rest_route=\/wp\/v2\/types\/page"}],"author":[{"embeddable":true,"href":"https:\/\/photo.roland.yt\/index.php?rest_route=\/wp\/v2\/users\/1"}],"replies":[{"embeddable":true,"href":"https:\/\/photo.roland.yt\/index.php?rest_route=%2Fwp%2Fv2%2Fcomments&post=991"}],"version-history":[{"count":1,"href":"https:\/\/photo.roland.yt\/index.php?rest_route=\/wp\/v2\/pages\/991\/revisions"}],"predecessor-version":[{"id":992,"href":"https:\/\/photo.roland.yt\/index.php?rest_route=\/wp\/v2\/pages\/991\/revisions\/992"}],"wp:attachment":[{"href":"https:\/\/photo.roland.yt\/index.php?rest_route=%2Fwp%2Fv2%2Fmedia&parent=991"}],"curies":[{"name":"wp","href":"https:\/\/api.w.org\/{rel}","templated":true}]}}