{"id":362,"date":"2024-02-21T11:43:20","date_gmt":"2024-02-21T10:43:20","guid":{"rendered":"https:\/\/photo.roland.yt\/?page_id=362"},"modified":"2024-02-21T11:52:34","modified_gmt":"2024-02-21T10:52:34","slug":"skaneateles-usa","status":"publish","type":"page","link":"https:\/\/photo.roland.yt\/?page_id=362","title":{"rendered":"Skaneateles USA"},"content":{"rendered":"\n<p><strong><style type=\"text\/css\" scoped>.rbs_gallery_69f19270c56cdSpinner{\r\n\t\t\t\tmargin: 50px auto;\r\n\t\t\t\twidth: 50px;\r\n\t\t\t\theight: 40px;\r\n\t\t\t\ttext-align: center;\r\n\t\t\t\tfont-size: 10px;\r\n\t\t\t}\r\n\t\t\t.rbs_gallery_69f19270c56cdSpinner > div{\r\n\t\t\t  background-color: #333;\r\n\t\t\t  height: 100%;\r\n\t\t\t  width: 6px;\r\n\t\t\t  display: inline-block;\r\n\t\t\t  -webkit-animation: rbs_gallery_69f19270c56cd-stretchdelay 1.2s infinite ease-in-out;\r\n\t\t\t  animation: rbs_gallery_69f19270c56cd-stretchdelay 1.2s infinite ease-in-out;\r\n\t\t\t}\r\n\t\t\t.rbs_gallery_69f19270c56cdSpinner .rbs_gallery_69f19270c56cdRect2 {\r\n\t\t\t  -webkit-animation-delay: -1.1s;\r\n\t\t\t  animation-delay: -1.1s;\r\n\t\t\t}\r\n\t\t\t.rbs_gallery_69f19270c56cdSpinner .rbs_gallery_69f19270c56cdRect3 {\r\n\t\t\t  -webkit-animation-delay: -1.0s;\r\n\t\t\t  animation-delay: -1.0s;\r\n\t\t\t}\r\n\t\t\t.rbs_gallery_69f19270c56cdSpinner .rbs_gallery_69f19270c56cdRect4 {\r\n\t\t\t  -webkit-animation-delay: -0.9s;\r\n\t\t\t  animation-delay: -0.9s;\r\n\t\t\t}\r\n\t\t\t.rbs_gallery_69f19270c56cdSpinner .rbs_gallery_69f19270c56cdRect5 {\r\n\t\t\t  -webkit-animation-delay: -0.8s;\r\n\t\t\t  animation-delay: -0.8s;\r\n\t\t\t}\r\n\t\t\t@-webkit-keyframes rbs_gallery_69f19270c56cd-stretchdelay {\r\n\t\t\t  0%, 40%, 100% { -webkit-transform: scaleY(0.4) }  \r\n\t\t\t  20% { -webkit-transform: scaleY(1.0) }\r\n\t\t\t}\r\n\t\t\t@keyframes rbs_gallery_69f19270c56cd-stretchdelay {\r\n\t\t\t  0%, 40%, 100% { \r\n\t\t\t    transform: scaleY(0.4);\r\n\t\t\t    -webkit-transform: scaleY(0.4);\r\n\t\t\t  }  20% { \r\n\t\t\t    transform: scaleY(1.0);\r\n\t\t\t    -webkit-transform: scaleY(1.0);\r\n\t\t\t  }\r\n\t\t\t}\r\n\t\t<\/style><div class=\"robo-gallery-wrap robo-gallery-wrap-id364 robo-gallery-mosaic\"  oncontextmenu=\"return false\"  onselectstart=\"return false\"  ondragstart=\"return false\" ><div id=\"rbs_gallery_69f19270c56cd-block-loader\" class=\"rbs_gallery_69f19270c56cdSpinner\"><div class=\"rbs_gallery_69f19270c56cdRect1\"><\/div> <div class=\"rbs_gallery_69f19270c56cdRect2\"><\/div> <div class=\"rbs_gallery_69f19270c56cdRect3\"><\/div> <div class=\"rbs_gallery_69f19270c56cdRect4\"><\/div> <div class=\"rbs_gallery_69f19270c56cdRect5\"><\/div><\/div><div id=\"robo_gallery_main_block_rbs_gallery_69f19270c56cd\" class=\"robogallery-gallery-364\" style=\"width:100%;  display: none;\"><div id=\"rbs_gallery_69f19270c56cd\" data-options=\"rbs_gallery_69f19270c56cd\" style=\"width:100%;\" class=\"robo_gallery  \"><div class=\"rbs-img  category364 \"  data-columns=\"4\" ><div class=\"rbs-img-image   rbs-lightbox \" ><div class=\"rbs-img-thumbs\"  data-thumbnail=\"https:\/\/photo.roland.yt\/wp-content\/uploads\/2024\/02\/IMG_2099-1024x768.jpg\"  title=\"IMG_2099\"  data-width=\"1024\"  data-height=\"768\" ><\/div><div class=\"rbs-img-data-popup\"  data-popup=\"https:\/\/photo.roland.yt\/wp-content\/uploads\/2024\/02\/IMG_2099.jpg\"  title=\"IMG_2099\" ><\/div><div class=\"thumbnail-overlay\"><div class=\"rbsIcons\"><i class=\"fa fa-image rbsZoomIcon \" ><\/i><\/div><\/div><\/div><\/div><div class=\"rbs-img  category364 \" ><div class=\"rbs-img-image   rbs-lightbox \" ><div class=\"rbs-img-thumbs\"  data-thumbnail=\"https:\/\/photo.roland.yt\/wp-content\/uploads\/2024\/02\/IMG_2095-1024x768.jpg\"  title=\"IMG_2095\"  data-width=\"1024\"  data-height=\"768\" ><\/div><div class=\"rbs-img-data-popup\"  data-popup=\"https:\/\/photo.roland.yt\/wp-content\/uploads\/2024\/02\/IMG_2095.jpg\"  title=\"IMG_2095\" ><\/div><div class=\"thumbnail-overlay\"><div class=\"rbsIcons\"><i class=\"fa fa-image rbsZoomIcon \" ><\/i><\/div><\/div><\/div><\/div><div class=\"rbs-img  category364 \" ><div class=\"rbs-img-image   rbs-lightbox \" ><div class=\"rbs-img-thumbs\"  data-thumbnail=\"https:\/\/photo.roland.yt\/wp-content\/uploads\/2024\/02\/IMG_2075-1024x768.jpg\"  title=\"IMG_2075\"  data-width=\"1024\"  data-height=\"768\" ><\/div><div class=\"rbs-img-data-popup\"  data-popup=\"https:\/\/photo.roland.yt\/wp-content\/uploads\/2024\/02\/IMG_2075.jpg\"  title=\"IMG_2075\" ><\/div><div class=\"thumbnail-overlay\"><div class=\"rbsIcons\"><i class=\"fa fa-image rbsZoomIcon \" ><\/i><\/div><\/div><\/div><\/div><div class=\"rbs-img  category364 \"  data-columns=\"2\" ><div class=\"rbs-img-image   rbs-lightbox \" ><div class=\"rbs-img-thumbs\"  data-thumbnail=\"https:\/\/photo.roland.yt\/wp-content\/uploads\/2024\/02\/IMG_2077-1024x768.jpg\"  title=\"IMG_2077\"  data-width=\"1024\"  data-height=\"768\" ><\/div><div class=\"rbs-img-data-popup\"  data-popup=\"https:\/\/photo.roland.yt\/wp-content\/uploads\/2024\/02\/IMG_2077.jpg\"  title=\"IMG_2077\" ><\/div><div class=\"thumbnail-overlay\"><div class=\"rbsIcons\"><i class=\"fa fa-image rbsZoomIcon \" ><\/i><\/div><\/div><\/div><\/div><div class=\"rbs-img  category364 \" ><div class=\"rbs-img-image   rbs-lightbox \" ><div class=\"rbs-img-thumbs\"  data-thumbnail=\"https:\/\/photo.roland.yt\/wp-content\/uploads\/2024\/02\/IMG_2103-1024x768.jpg\"  title=\"IMG_2103\"  data-width=\"1024\"  data-height=\"768\" ><\/div><div class=\"rbs-img-data-popup\"  data-popup=\"https:\/\/photo.roland.yt\/wp-content\/uploads\/2024\/02\/IMG_2103.jpg\"  title=\"IMG_2103\" ><\/div><div class=\"thumbnail-overlay\"><div class=\"rbsIcons\"><i class=\"fa fa-image rbsZoomIcon \" ><\/i><\/div><\/div><\/div><\/div><div class=\"rbs-img  category364 \" ><div class=\"rbs-img-image   rbs-lightbox \" ><div class=\"rbs-img-thumbs\"  data-thumbnail=\"https:\/\/photo.roland.yt\/wp-content\/uploads\/2024\/02\/IMG_2142-1024x768.jpg\"  title=\"IMG_2142\"  data-width=\"1024\"  data-height=\"768\" ><\/div><div class=\"rbs-img-data-popup\"  data-popup=\"https:\/\/photo.roland.yt\/wp-content\/uploads\/2024\/02\/IMG_2142.jpg\"  title=\"IMG_2142\" ><\/div><div class=\"thumbnail-overlay\"><div class=\"rbsIcons\"><i class=\"fa fa-image rbsZoomIcon \" ><\/i><\/div><\/div><\/div><\/div><div class=\"rbs-img  category364 \" ><div class=\"rbs-img-image   rbs-lightbox \" ><div class=\"rbs-img-thumbs\"  data-thumbnail=\"https:\/\/photo.roland.yt\/wp-content\/uploads\/2024\/02\/IMG_2085-1024x768.jpg\"  title=\"IMG_2085\"  data-width=\"1024\"  data-height=\"768\" ><\/div><div class=\"rbs-img-data-popup\"  data-popup=\"https:\/\/photo.roland.yt\/wp-content\/uploads\/2024\/02\/IMG_2085.jpg\"  title=\"IMG_2085\" ><\/div><div class=\"thumbnail-overlay\"><div class=\"rbsIcons\"><i class=\"fa fa-image rbsZoomIcon \" ><\/i><\/div><\/div><\/div><\/div><div class=\"rbs-img  category364 \"  data-columns=\"3\" ><div class=\"rbs-img-image   rbs-lightbox \" ><div class=\"rbs-img-thumbs\"  data-thumbnail=\"https:\/\/photo.roland.yt\/wp-content\/uploads\/2024\/02\/IMG_2115-1024x768.jpg\"  title=\"IMG_2115\"  data-width=\"1024\"  data-height=\"768\" ><\/div><div class=\"rbs-img-data-popup\"  data-popup=\"https:\/\/photo.roland.yt\/wp-content\/uploads\/2024\/02\/IMG_2115.jpg\"  title=\"IMG_2115\" ><\/div><div class=\"thumbnail-overlay\"><div class=\"rbsIcons\"><i class=\"fa fa-image rbsZoomIcon \" ><\/i><\/div><\/div><\/div><\/div><div class=\"rbs-img  category364 \" ><div class=\"rbs-img-image   rbs-lightbox \" ><div class=\"rbs-img-thumbs\"  data-thumbnail=\"https:\/\/photo.roland.yt\/wp-content\/uploads\/2024\/02\/IMG_2112-1024x768.jpg\"  title=\"IMG_2112\"  data-width=\"1024\"  data-height=\"768\" ><\/div><div class=\"rbs-img-data-popup\"  data-popup=\"https:\/\/photo.roland.yt\/wp-content\/uploads\/2024\/02\/IMG_2112.jpg\"  title=\"IMG_2112\" ><\/div><div class=\"thumbnail-overlay\"><div class=\"rbsIcons\"><i class=\"fa fa-image rbsZoomIcon \" ><\/i><\/div><\/div><\/div><\/div><div class=\"rbs-img  category364 \" ><div class=\"rbs-img-image   rbs-lightbox \" ><div class=\"rbs-img-thumbs\"  data-thumbnail=\"https:\/\/photo.roland.yt\/wp-content\/uploads\/2024\/02\/IMG_2117-1024x768.jpg\"  title=\"IMG_2117\"  data-width=\"1024\"  data-height=\"768\" ><\/div><div class=\"rbs-img-data-popup\"  data-popup=\"https:\/\/photo.roland.yt\/wp-content\/uploads\/2024\/02\/IMG_2117.jpg\"  title=\"IMG_2117\" ><\/div><div class=\"thumbnail-overlay\"><div class=\"rbsIcons\"><i class=\"fa fa-image rbsZoomIcon \" ><\/i><\/div><\/div><\/div><\/div><div class=\"rbs-img  category364 \" ><div class=\"rbs-img-image   rbs-lightbox \" ><div class=\"rbs-img-thumbs\"  data-thumbnail=\"https:\/\/photo.roland.yt\/wp-content\/uploads\/2024\/02\/IMG_2111-768x1024.jpg\"  title=\"IMG_2111\"  data-width=\"768\"  data-height=\"1024\" ><\/div><div class=\"rbs-img-data-popup\"  data-popup=\"https:\/\/photo.roland.yt\/wp-content\/uploads\/2024\/02\/IMG_2111.jpg\"  title=\"IMG_2111\" ><\/div><div class=\"thumbnail-overlay\"><div class=\"rbsIcons\"><i class=\"fa fa-image rbsZoomIcon \" ><\/i><\/div><\/div><\/div><\/div><div class=\"rbs-img  category364 \" ><div class=\"rbs-img-image   rbs-lightbox \" ><div class=\"rbs-img-thumbs\"  data-thumbnail=\"https:\/\/photo.roland.yt\/wp-content\/uploads\/2024\/02\/IMG_2138-1024x768.jpg\"  title=\"IMG_2138\"  data-width=\"1024\"  data-height=\"768\" ><\/div><div class=\"rbs-img-data-popup\"  data-popup=\"https:\/\/photo.roland.yt\/wp-content\/uploads\/2024\/02\/IMG_2138.jpg\"  title=\"IMG_2138\" ><\/div><div class=\"thumbnail-overlay\"><div class=\"rbsIcons\"><i class=\"fa fa-image rbsZoomIcon \" ><\/i><\/div><\/div><\/div><\/div><\/div><\/div><\/div><script>var rbs_gallery_69f19270c56cd = {\"version\":\"5.1.4\",\"id\":364,\"class\":\"id364\",\"roboGalleryDelay\":1000,\"mainContainer\":\"#robo_gallery_main_block_rbs_gallery_69f19270c56cd\",\"loadingContainer\":\"#rbs_gallery_69f19270c56cd-block-loader\",\"loadingContainerObj\":\"rbs_gallery_69f19270c56cd-block-loader\",\"columnWidth\":\"auto\",\"columns\":8,\"resolutions\":[{\"columnWidth\":\"auto\",\"columns\":3,\"maxWidth\":960},{\"columnWidth\":\"auto\",\"columns\":2,\"maxWidth\":650},{\"columnWidth\":\"auto\",\"columns\":1,\"maxWidth\":450}],\"protectionEnable\":true,\"lightboxOptions\":{\"gallery\":{\"enabled\":true,\"tCounter\":\"%curr% of %total%\"}},\"borderSize\":5,\"overlayEffect\":\"direction-aware-fade\",\"boxesToLoadStart\":20,\"boxesToLoad\":8,\"waitUntilThumbLoads\":1,\"LoadingWord\":\"Loading...\",\"loadMoreWord\":\"Load More\",\"noMoreEntriesWord\":\"No More Entries\",\"horizontalSpaceBetweenBoxes\":15,\"verticalSpaceBetweenBoxes\":15,\"lazyLoad\":1,\"wrapContainer\":\"#robo-gallery-wrap-rbs_gallery_69f19270c56cd\"};<\/script><\/strong><\/p>\n","protected":false},"excerpt":{"rendered":"","protected":false},"author":1,"featured_media":0,"parent":0,"menu_order":0,"comment_status":"closed","ping_status":"closed","template":"","meta":{"footnotes":""},"class_list":["post-362","page","type-page","status-publish","hentry"],"yoast_head":"<!-- This site is optimized with the Yoast SEO plugin v27.4 - https:\/\/yoast.com\/product\/yoast-seo-wordpress\/ -->\n<title>Skaneateles USA - photo Fran\u00e7ois ROLAND<\/title>\n<meta name=\"description\" content=\"photo de rue, regard diff\u00e9rent, photographie, photo fran\u00e7ois roland, street photo, street photography, USA, Skaneateles\" \/>\n<meta name=\"robots\" content=\"index, follow, max-snippet:-1, max-image-preview:large, max-video-preview:-1\" \/>\n<link rel=\"canonical\" href=\"https:\/\/photo.roland.yt\/?page_id=362\" \/>\n<meta property=\"og:locale\" content=\"fr_FR\" \/>\n<meta property=\"og:type\" content=\"article\" \/>\n<meta property=\"og:title\" content=\"Skaneateles USA - photo Fran\u00e7ois ROLAND\" \/>\n<meta property=\"og:description\" content=\"photo de rue, regard diff\u00e9rent, photographie, photo fran\u00e7ois roland, street photo, street photography, USA, Skaneateles\" \/>\n<meta property=\"og:url\" content=\"https:\/\/photo.roland.yt\/?page_id=362\" \/>\n<meta property=\"og:site_name\" content=\"photo Fran\u00e7ois ROLAND\" \/>\n<meta property=\"article:modified_time\" content=\"2024-02-21T10:52:34+00:00\" \/>\n<meta name=\"twitter:card\" content=\"summary_large_image\" \/>\n<meta name=\"twitter:label1\" content=\"Dur\u00e9e de lecture estim\u00e9e\" \/>\n\t<meta name=\"twitter:data1\" content=\"1 minute\" \/>\n<script type=\"application\/ld+json\" class=\"yoast-schema-graph\">{\"@context\":\"https:\\\/\\\/schema.org\",\"@graph\":[{\"@type\":\"WebPage\",\"@id\":\"https:\\\/\\\/photo.roland.yt\\\/?page_id=362\",\"url\":\"https:\\\/\\\/photo.roland.yt\\\/?page_id=362\",\"name\":\"Skaneateles USA - photo Fran\u00e7ois ROLAND\",\"isPartOf\":{\"@id\":\"https:\\\/\\\/photo.roland.yt\\\/#website\"},\"datePublished\":\"2024-02-21T10:43:20+00:00\",\"dateModified\":\"2024-02-21T10:52:34+00:00\",\"description\":\"photo de rue, regard diff\u00e9rent, photographie, photo fran\u00e7ois roland, street photo, street photography, USA, Skaneateles\",\"breadcrumb\":{\"@id\":\"https:\\\/\\\/photo.roland.yt\\\/?page_id=362#breadcrumb\"},\"inLanguage\":\"fr-FR\",\"potentialAction\":[{\"@type\":\"ReadAction\",\"target\":[\"https:\\\/\\\/photo.roland.yt\\\/?page_id=362\"]}]},{\"@type\":\"BreadcrumbList\",\"@id\":\"https:\\\/\\\/photo.roland.yt\\\/?page_id=362#breadcrumb\",\"itemListElement\":[{\"@type\":\"ListItem\",\"position\":1,\"name\":\"Accueil\",\"item\":\"https:\\\/\\\/photo.roland.yt\\\/\"},{\"@type\":\"ListItem\",\"position\":2,\"name\":\"Skaneateles USA\"}]},{\"@type\":\"WebSite\",\"@id\":\"https:\\\/\\\/photo.roland.yt\\\/#website\",\"url\":\"https:\\\/\\\/photo.roland.yt\\\/\",\"name\":\"photo Fran\u00e7ois ROLAND\",\"description\":\"\",\"publisher\":{\"@id\":\"https:\\\/\\\/photo.roland.yt\\\/#\\\/schema\\\/person\\\/c3f0c6e0faf4849e67da722f702154e6\"},\"potentialAction\":[{\"@type\":\"SearchAction\",\"target\":{\"@type\":\"EntryPoint\",\"urlTemplate\":\"https:\\\/\\\/photo.roland.yt\\\/?s={search_term_string}\"},\"query-input\":{\"@type\":\"PropertyValueSpecification\",\"valueRequired\":true,\"valueName\":\"search_term_string\"}}],\"inLanguage\":\"fr-FR\"},{\"@type\":[\"Person\",\"Organization\"],\"@id\":\"https:\\\/\\\/photo.roland.yt\\\/#\\\/schema\\\/person\\\/c3f0c6e0faf4849e67da722f702154e6\",\"name\":\"zeverybest\",\"image\":{\"@type\":\"ImageObject\",\"inLanguage\":\"fr-FR\",\"@id\":\"https:\\\/\\\/secure.gravatar.com\\\/avatar\\\/3352f932de9506753d08474f91965a3ffdeb05e0d4e86f7b5c32d7c248cad238?s=96&d=mm&r=g\",\"url\":\"https:\\\/\\\/secure.gravatar.com\\\/avatar\\\/3352f932de9506753d08474f91965a3ffdeb05e0d4e86f7b5c32d7c248cad238?s=96&d=mm&r=g\",\"contentUrl\":\"https:\\\/\\\/secure.gravatar.com\\\/avatar\\\/3352f932de9506753d08474f91965a3ffdeb05e0d4e86f7b5c32d7c248cad238?s=96&d=mm&r=g\",\"caption\":\"zeverybest\"},\"logo\":{\"@id\":\"https:\\\/\\\/secure.gravatar.com\\\/avatar\\\/3352f932de9506753d08474f91965a3ffdeb05e0d4e86f7b5c32d7c248cad238?s=96&d=mm&r=g\"},\"sameAs\":[\"http:\\\/\\\/192.168.1.67\"]}]}<\/script>\n<!-- \/ Yoast SEO plugin. -->","yoast_head_json":{"title":"Skaneateles USA - photo Fran\u00e7ois ROLAND","description":"photo de rue, regard diff\u00e9rent, photographie, photo fran\u00e7ois roland, street photo, street photography, USA, Skaneateles","robots":{"index":"index","follow":"follow","max-snippet":"max-snippet:-1","max-image-preview":"max-image-preview:large","max-video-preview":"max-video-preview:-1"},"canonical":"https:\/\/photo.roland.yt\/?page_id=362","og_locale":"fr_FR","og_type":"article","og_title":"Skaneateles USA - photo Fran\u00e7ois ROLAND","og_description":"photo de rue, regard diff\u00e9rent, photographie, photo fran\u00e7ois roland, street photo, street photography, USA, Skaneateles","og_url":"https:\/\/photo.roland.yt\/?page_id=362","og_site_name":"photo Fran\u00e7ois ROLAND","article_modified_time":"2024-02-21T10:52:34+00:00","twitter_card":"summary_large_image","twitter_misc":{"Dur\u00e9e de lecture estim\u00e9e":"1 minute"},"schema":{"@context":"https:\/\/schema.org","@graph":[{"@type":"WebPage","@id":"https:\/\/photo.roland.yt\/?page_id=362","url":"https:\/\/photo.roland.yt\/?page_id=362","name":"Skaneateles USA - photo Fran\u00e7ois ROLAND","isPartOf":{"@id":"https:\/\/photo.roland.yt\/#website"},"datePublished":"2024-02-21T10:43:20+00:00","dateModified":"2024-02-21T10:52:34+00:00","description":"photo de rue, regard diff\u00e9rent, photographie, photo fran\u00e7ois roland, street photo, street photography, USA, Skaneateles","breadcrumb":{"@id":"https:\/\/photo.roland.yt\/?page_id=362#breadcrumb"},"inLanguage":"fr-FR","potentialAction":[{"@type":"ReadAction","target":["https:\/\/photo.roland.yt\/?page_id=362"]}]},{"@type":"BreadcrumbList","@id":"https:\/\/photo.roland.yt\/?page_id=362#breadcrumb","itemListElement":[{"@type":"ListItem","position":1,"name":"Accueil","item":"https:\/\/photo.roland.yt\/"},{"@type":"ListItem","position":2,"name":"Skaneateles USA"}]},{"@type":"WebSite","@id":"https:\/\/photo.roland.yt\/#website","url":"https:\/\/photo.roland.yt\/","name":"photo Fran\u00e7ois ROLAND","description":"","publisher":{"@id":"https:\/\/photo.roland.yt\/#\/schema\/person\/c3f0c6e0faf4849e67da722f702154e6"},"potentialAction":[{"@type":"SearchAction","target":{"@type":"EntryPoint","urlTemplate":"https:\/\/photo.roland.yt\/?s={search_term_string}"},"query-input":{"@type":"PropertyValueSpecification","valueRequired":true,"valueName":"search_term_string"}}],"inLanguage":"fr-FR"},{"@type":["Person","Organization"],"@id":"https:\/\/photo.roland.yt\/#\/schema\/person\/c3f0c6e0faf4849e67da722f702154e6","name":"zeverybest","image":{"@type":"ImageObject","inLanguage":"fr-FR","@id":"https:\/\/secure.gravatar.com\/avatar\/3352f932de9506753d08474f91965a3ffdeb05e0d4e86f7b5c32d7c248cad238?s=96&d=mm&r=g","url":"https:\/\/secure.gravatar.com\/avatar\/3352f932de9506753d08474f91965a3ffdeb05e0d4e86f7b5c32d7c248cad238?s=96&d=mm&r=g","contentUrl":"https:\/\/secure.gravatar.com\/avatar\/3352f932de9506753d08474f91965a3ffdeb05e0d4e86f7b5c32d7c248cad238?s=96&d=mm&r=g","caption":"zeverybest"},"logo":{"@id":"https:\/\/secure.gravatar.com\/avatar\/3352f932de9506753d08474f91965a3ffdeb05e0d4e86f7b5c32d7c248cad238?s=96&d=mm&r=g"},"sameAs":["http:\/\/192.168.1.67"]}]}},"_links":{"self":[{"href":"https:\/\/photo.roland.yt\/index.php?rest_route=\/wp\/v2\/pages\/362","targetHints":{"allow":["GET"]}}],"collection":[{"href":"https:\/\/photo.roland.yt\/index.php?rest_route=\/wp\/v2\/pages"}],"about":[{"href":"https:\/\/photo.roland.yt\/index.php?rest_route=\/wp\/v2\/types\/page"}],"author":[{"embeddable":true,"href":"https:\/\/photo.roland.yt\/index.php?rest_route=\/wp\/v2\/users\/1"}],"replies":[{"embeddable":true,"href":"https:\/\/photo.roland.yt\/index.php?rest_route=%2Fwp%2Fv2%2Fcomments&post=362"}],"version-history":[{"count":2,"href":"https:\/\/photo.roland.yt\/index.php?rest_route=\/wp\/v2\/pages\/362\/revisions"}],"predecessor-version":[{"id":377,"href":"https:\/\/photo.roland.yt\/index.php?rest_route=\/wp\/v2\/pages\/362\/revisions\/377"}],"wp:attachment":[{"href":"https:\/\/photo.roland.yt\/index.php?rest_route=%2Fwp%2Fv2%2Fmedia&parent=362"}],"curies":[{"name":"wp","href":"https:\/\/api.w.org\/{rel}","templated":true}]}}