{"id":360,"date":"2024-02-21T11:42:37","date_gmt":"2024-02-21T10:42:37","guid":{"rendered":"https:\/\/photo.roland.yt\/?page_id=360"},"modified":"2024-02-21T12:05:16","modified_gmt":"2024-02-21T11:05:16","slug":"portland-usa","status":"publish","type":"page","link":"https:\/\/photo.roland.yt\/?page_id=360","title":{"rendered":"Portland USA"},"content":{"rendered":"<style type=\"text\/css\" scoped>.rbs_gallery_69f19d86cca24Spinner{\r\n\t\t\t\tmargin: 50px auto;\r\n\t\t\t\twidth: 50px;\r\n\t\t\t\theight: 40px;\r\n\t\t\t\ttext-align: center;\r\n\t\t\t\tfont-size: 10px;\r\n\t\t\t}\r\n\t\t\t.rbs_gallery_69f19d86cca24Spinner > div{\r\n\t\t\t  background-color: #333;\r\n\t\t\t  height: 100%;\r\n\t\t\t  width: 6px;\r\n\t\t\t  display: inline-block;\r\n\t\t\t  -webkit-animation: rbs_gallery_69f19d86cca24-stretchdelay 1.2s infinite ease-in-out;\r\n\t\t\t  animation: rbs_gallery_69f19d86cca24-stretchdelay 1.2s infinite ease-in-out;\r\n\t\t\t}\r\n\t\t\t.rbs_gallery_69f19d86cca24Spinner .rbs_gallery_69f19d86cca24Rect2 {\r\n\t\t\t  -webkit-animation-delay: -1.1s;\r\n\t\t\t  animation-delay: -1.1s;\r\n\t\t\t}\r\n\t\t\t.rbs_gallery_69f19d86cca24Spinner .rbs_gallery_69f19d86cca24Rect3 {\r\n\t\t\t  -webkit-animation-delay: -1.0s;\r\n\t\t\t  animation-delay: -1.0s;\r\n\t\t\t}\r\n\t\t\t.rbs_gallery_69f19d86cca24Spinner .rbs_gallery_69f19d86cca24Rect4 {\r\n\t\t\t  -webkit-animation-delay: -0.9s;\r\n\t\t\t  animation-delay: -0.9s;\r\n\t\t\t}\r\n\t\t\t.rbs_gallery_69f19d86cca24Spinner .rbs_gallery_69f19d86cca24Rect5 {\r\n\t\t\t  -webkit-animation-delay: -0.8s;\r\n\t\t\t  animation-delay: -0.8s;\r\n\t\t\t}\r\n\t\t\t@-webkit-keyframes rbs_gallery_69f19d86cca24-stretchdelay {\r\n\t\t\t  0%, 40%, 100% { -webkit-transform: scaleY(0.4) }  \r\n\t\t\t  20% { -webkit-transform: scaleY(1.0) }\r\n\t\t\t}\r\n\t\t\t@keyframes rbs_gallery_69f19d86cca24-stretchdelay {\r\n\t\t\t  0%, 40%, 100% { \r\n\t\t\t    transform: scaleY(0.4);\r\n\t\t\t    -webkit-transform: scaleY(0.4);\r\n\t\t\t  }  20% { \r\n\t\t\t    transform: scaleY(1.0);\r\n\t\t\t    -webkit-transform: scaleY(1.0);\r\n\t\t\t  }\r\n\t\t\t}\r\n\t\t<\/style><div class=\"robo-gallery-wrap robo-gallery-wrap-id378 robo-gallery-mosaic\"  oncontextmenu=\"return false\"  onselectstart=\"return false\"  ondragstart=\"return false\" ><div id=\"rbs_gallery_69f19d86cca24-block-loader\" class=\"rbs_gallery_69f19d86cca24Spinner\"><div class=\"rbs_gallery_69f19d86cca24Rect1\"><\/div> <div class=\"rbs_gallery_69f19d86cca24Rect2\"><\/div> <div class=\"rbs_gallery_69f19d86cca24Rect3\"><\/div> <div class=\"rbs_gallery_69f19d86cca24Rect4\"><\/div> <div class=\"rbs_gallery_69f19d86cca24Rect5\"><\/div><\/div><div id=\"robo_gallery_main_block_rbs_gallery_69f19d86cca24\" class=\"robogallery-gallery-378\" style=\"width:100%;  display: none;\"><div id=\"rbs_gallery_69f19d86cca24\" data-options=\"rbs_gallery_69f19d86cca24\" style=\"width:100%;\" class=\"robo_gallery  \"><div class=\"rbs-img  category378 \"  data-columns=\"4\" ><div class=\"rbs-img-image   rbs-lightbox \" ><div class=\"rbs-img-thumbs\"  data-thumbnail=\"https:\/\/photo.roland.yt\/wp-content\/uploads\/2024\/02\/IMG_0320-768x1024.jpg\"  title=\"IMG_0320\"  data-width=\"768\"  data-height=\"1024\" ><\/div><div class=\"rbs-img-data-popup\"  data-popup=\"https:\/\/photo.roland.yt\/wp-content\/uploads\/2024\/02\/IMG_0320.jpg\"  title=\"IMG_0320\" ><\/div><div class=\"thumbnail-overlay\"><div class=\"rbsIcons\"><i class=\"fa fa-image rbsZoomIcon \" ><\/i><\/div><\/div><\/div><\/div><div class=\"rbs-img  category378 \" ><div class=\"rbs-img-image   rbs-lightbox \" ><div class=\"rbs-img-thumbs\"  data-thumbnail=\"https:\/\/photo.roland.yt\/wp-content\/uploads\/2024\/02\/IMG_0325-1024x768.jpg\"  title=\"IMG_0325\"  data-width=\"1024\"  data-height=\"768\" ><\/div><div class=\"rbs-img-data-popup\"  data-popup=\"https:\/\/photo.roland.yt\/wp-content\/uploads\/2024\/02\/IMG_0325.jpg\"  title=\"IMG_0325\" ><\/div><div class=\"thumbnail-overlay\"><div class=\"rbsIcons\"><i class=\"fa fa-image rbsZoomIcon \" ><\/i><\/div><\/div><\/div><\/div><div class=\"rbs-img  category378 \" ><div class=\"rbs-img-image   rbs-lightbox \" ><div class=\"rbs-img-thumbs\"  data-thumbnail=\"https:\/\/photo.roland.yt\/wp-content\/uploads\/2024\/02\/IMG_0326-768x1024.jpg\"  title=\"IMG_0326\"  data-width=\"768\"  data-height=\"1024\" ><\/div><div class=\"rbs-img-data-popup\"  data-popup=\"https:\/\/photo.roland.yt\/wp-content\/uploads\/2024\/02\/IMG_0326.jpg\"  title=\"IMG_0326\" ><\/div><div class=\"thumbnail-overlay\"><div class=\"rbsIcons\"><i class=\"fa fa-image rbsZoomIcon \" ><\/i><\/div><\/div><\/div><\/div><div class=\"rbs-img  category378 \" ><div class=\"rbs-img-image   rbs-lightbox \" ><div class=\"rbs-img-thumbs\"  data-thumbnail=\"https:\/\/photo.roland.yt\/wp-content\/uploads\/2024\/02\/IMG_0358-768x1024.jpg\"  title=\"IMG_0358\"  data-width=\"768\"  data-height=\"1024\" ><\/div><div class=\"rbs-img-data-popup\"  data-popup=\"https:\/\/photo.roland.yt\/wp-content\/uploads\/2024\/02\/IMG_0358.jpg\"  title=\"IMG_0358\" ><\/div><div class=\"thumbnail-overlay\"><div class=\"rbsIcons\"><i class=\"fa fa-image rbsZoomIcon \" ><\/i><\/div><\/div><\/div><\/div><div class=\"rbs-img  category378 \"  data-columns=\"3\" ><div class=\"rbs-img-image   rbs-lightbox \" ><div class=\"rbs-img-thumbs\"  data-thumbnail=\"https:\/\/photo.roland.yt\/wp-content\/uploads\/2024\/02\/IMG_0361-768x1024.jpg\"  title=\"IMG_0361\"  data-width=\"768\"  data-height=\"1024\" ><\/div><div class=\"rbs-img-data-popup\"  data-popup=\"https:\/\/photo.roland.yt\/wp-content\/uploads\/2024\/02\/IMG_0361.jpg\"  title=\"IMG_0361\" ><\/div><div class=\"thumbnail-overlay\"><div class=\"rbsIcons\"><i class=\"fa fa-image rbsZoomIcon \" ><\/i><\/div><\/div><\/div><\/div><div class=\"rbs-img  category378 \" ><div class=\"rbs-img-image   rbs-lightbox \" ><div class=\"rbs-img-thumbs\"  data-thumbnail=\"https:\/\/photo.roland.yt\/wp-content\/uploads\/2024\/02\/IMG_0377-768x1024.jpg\"  title=\"IMG_0377\"  data-width=\"768\"  data-height=\"1024\" ><\/div><div class=\"rbs-img-data-popup\"  data-popup=\"https:\/\/photo.roland.yt\/wp-content\/uploads\/2024\/02\/IMG_0377.jpg\"  title=\"IMG_0377\" ><\/div><div class=\"thumbnail-overlay\"><div class=\"rbsIcons\"><i class=\"fa fa-image rbsZoomIcon \" ><\/i><\/div><\/div><\/div><\/div><div class=\"rbs-img  category378 \" ><div class=\"rbs-img-image   rbs-lightbox \" ><div class=\"rbs-img-thumbs\"  data-thumbnail=\"https:\/\/photo.roland.yt\/wp-content\/uploads\/2024\/02\/IMG_0412-768x1024.jpg\"  title=\"IMG_0412\"  data-width=\"768\"  data-height=\"1024\" ><\/div><div class=\"rbs-img-data-popup\"  data-popup=\"https:\/\/photo.roland.yt\/wp-content\/uploads\/2024\/02\/IMG_0412.jpg\"  title=\"IMG_0412\" ><\/div><div class=\"thumbnail-overlay\"><div class=\"rbsIcons\"><i class=\"fa fa-image rbsZoomIcon \" ><\/i><\/div><\/div><\/div><\/div><div class=\"rbs-img  category378 \" ><div class=\"rbs-img-image   rbs-lightbox \" ><div class=\"rbs-img-thumbs\"  data-thumbnail=\"https:\/\/photo.roland.yt\/wp-content\/uploads\/2024\/02\/IMG_0473-768x1024.jpg\"  title=\"IMG_0473\"  data-width=\"768\"  data-height=\"1024\" ><\/div><div class=\"rbs-img-data-popup\"  data-popup=\"https:\/\/photo.roland.yt\/wp-content\/uploads\/2024\/02\/IMG_0473.jpg\"  title=\"IMG_0473\" ><\/div><div class=\"thumbnail-overlay\"><div class=\"rbsIcons\"><i class=\"fa fa-image rbsZoomIcon \" ><\/i><\/div><\/div><\/div><\/div><div class=\"rbs-img  category378 \" ><div class=\"rbs-img-image   rbs-lightbox \" ><div class=\"rbs-img-thumbs\"  data-thumbnail=\"https:\/\/photo.roland.yt\/wp-content\/uploads\/2024\/02\/IMG_0549-1024x768.jpg\"  title=\"IMG_0549\"  data-width=\"1024\"  data-height=\"768\" ><\/div><div class=\"rbs-img-data-popup\"  data-popup=\"https:\/\/photo.roland.yt\/wp-content\/uploads\/2024\/02\/IMG_0549.jpg\"  title=\"IMG_0549\" ><\/div><div class=\"thumbnail-overlay\"><div class=\"rbsIcons\"><i class=\"fa fa-image rbsZoomIcon \" ><\/i><\/div><\/div><\/div><\/div><div class=\"rbs-img  category378 \"  data-columns=\"2\" ><div class=\"rbs-img-image   rbs-lightbox \" ><div class=\"rbs-img-thumbs\"  data-thumbnail=\"https:\/\/photo.roland.yt\/wp-content\/uploads\/2024\/02\/IMG_0578-1024x768.jpg\"  title=\"IMG_0578\"  data-width=\"1024\"  data-height=\"768\" ><\/div><div class=\"rbs-img-data-popup\"  data-popup=\"https:\/\/photo.roland.yt\/wp-content\/uploads\/2024\/02\/IMG_0578.jpg\"  title=\"IMG_0578\" ><\/div><div class=\"thumbnail-overlay\"><div class=\"rbsIcons\"><i class=\"fa fa-image rbsZoomIcon \" ><\/i><\/div><\/div><\/div><\/div><div class=\"rbs-img  category378 \" ><div class=\"rbs-img-image   rbs-lightbox \" ><div class=\"rbs-img-thumbs\"  data-thumbnail=\"https:\/\/photo.roland.yt\/wp-content\/uploads\/2024\/02\/IMG_0585-768x1024.jpg\"  title=\"IMG_0585\"  data-width=\"768\"  data-height=\"1024\" ><\/div><div class=\"rbs-img-data-popup\"  data-popup=\"https:\/\/photo.roland.yt\/wp-content\/uploads\/2024\/02\/IMG_0585.jpg\"  title=\"IMG_0585\" ><\/div><div class=\"thumbnail-overlay\"><div class=\"rbsIcons\"><i class=\"fa fa-image rbsZoomIcon \" ><\/i><\/div><\/div><\/div><\/div><div class=\"rbs-img  category378 \" ><div class=\"rbs-img-image   rbs-lightbox \" ><div class=\"rbs-img-thumbs\"  data-thumbnail=\"https:\/\/photo.roland.yt\/wp-content\/uploads\/2024\/02\/IMG_0606-768x1024.jpg\"  title=\"IMG_0606\"  data-width=\"768\"  data-height=\"1024\" ><\/div><div class=\"rbs-img-data-popup\"  data-popup=\"https:\/\/photo.roland.yt\/wp-content\/uploads\/2024\/02\/IMG_0606.jpg\"  title=\"IMG_0606\" ><\/div><div class=\"thumbnail-overlay\"><div class=\"rbsIcons\"><i class=\"fa fa-image rbsZoomIcon \" ><\/i><\/div><\/div><\/div><\/div><div class=\"rbs-img  category378 \"  data-columns=\"4\" ><div class=\"rbs-img-image   rbs-lightbox \" ><div class=\"rbs-img-thumbs\"  data-thumbnail=\"https:\/\/photo.roland.yt\/wp-content\/uploads\/2024\/02\/IMG_0632-1024x768.jpg\"  title=\"IMG_0632\"  data-width=\"1024\"  data-height=\"768\" ><\/div><div class=\"rbs-img-data-popup\"  data-popup=\"https:\/\/photo.roland.yt\/wp-content\/uploads\/2024\/02\/IMG_0632.jpg\"  title=\"IMG_0632\" ><\/div><div class=\"thumbnail-overlay\"><div class=\"rbsIcons\"><i class=\"fa fa-image rbsZoomIcon \" ><\/i><\/div><\/div><\/div><\/div><div class=\"rbs-img  category378 \" ><div class=\"rbs-img-image   rbs-lightbox \" ><div class=\"rbs-img-thumbs\"  data-thumbnail=\"https:\/\/photo.roland.yt\/wp-content\/uploads\/2024\/02\/IMG_0724-1024x768.jpg\"  title=\"IMG_0724\"  data-width=\"1024\"  data-height=\"768\" ><\/div><div class=\"rbs-img-data-popup\"  data-popup=\"https:\/\/photo.roland.yt\/wp-content\/uploads\/2024\/02\/IMG_0724.jpg\"  title=\"IMG_0724\" ><\/div><div class=\"thumbnail-overlay\"><div class=\"rbsIcons\"><i class=\"fa fa-image rbsZoomIcon \" ><\/i><\/div><\/div><\/div><\/div><div class=\"rbs-img  category378 \" ><div class=\"rbs-img-image   rbs-lightbox \" ><div class=\"rbs-img-thumbs\"  data-thumbnail=\"https:\/\/photo.roland.yt\/wp-content\/uploads\/2024\/02\/IMG_0752-1024x768.jpg\"  title=\"IMG_0752\"  data-width=\"1024\"  data-height=\"768\" ><\/div><div class=\"rbs-img-data-popup\"  data-popup=\"https:\/\/photo.roland.yt\/wp-content\/uploads\/2024\/02\/IMG_0752.jpg\"  title=\"IMG_0752\" ><\/div><div class=\"thumbnail-overlay\"><div class=\"rbsIcons\"><i class=\"fa fa-image rbsZoomIcon \" ><\/i><\/div><\/div><\/div><\/div><div class=\"rbs-img  category378 \" ><div class=\"rbs-img-image   rbs-lightbox \" ><div class=\"rbs-img-thumbs\"  data-thumbnail=\"https:\/\/photo.roland.yt\/wp-content\/uploads\/2024\/02\/IMG_1099-1024x768.jpg\"  title=\"IMG_1099\"  data-width=\"1024\"  data-height=\"768\" ><\/div><div class=\"rbs-img-data-popup\"  data-popup=\"https:\/\/photo.roland.yt\/wp-content\/uploads\/2024\/02\/IMG_1099.jpg\"  title=\"IMG_1099\" ><\/div><div class=\"thumbnail-overlay\"><div class=\"rbsIcons\"><i class=\"fa fa-image rbsZoomIcon \" ><\/i><\/div><\/div><\/div><\/div><div class=\"rbs-img  category378 \" ><div class=\"rbs-img-image   rbs-lightbox \" ><div class=\"rbs-img-thumbs\"  data-thumbnail=\"https:\/\/photo.roland.yt\/wp-content\/uploads\/2024\/02\/IMG_1169-1024x768.jpg\"  title=\"IMG_1169\"  data-width=\"1024\"  data-height=\"768\" ><\/div><div class=\"rbs-img-data-popup\"  data-popup=\"https:\/\/photo.roland.yt\/wp-content\/uploads\/2024\/02\/IMG_1169.jpg\"  title=\"IMG_1169\" ><\/div><div class=\"thumbnail-overlay\"><div class=\"rbsIcons\"><i class=\"fa fa-image rbsZoomIcon \" ><\/i><\/div><\/div><\/div><\/div><div class=\"rbs-img  category378 \" ><div class=\"rbs-img-image   rbs-lightbox \" ><div class=\"rbs-img-thumbs\"  data-thumbnail=\"https:\/\/photo.roland.yt\/wp-content\/uploads\/2024\/02\/IMG_1175-1024x768.jpg\"  title=\"IMG_1175\"  data-width=\"1024\"  data-height=\"768\" ><\/div><div class=\"rbs-img-data-popup\"  data-popup=\"https:\/\/photo.roland.yt\/wp-content\/uploads\/2024\/02\/IMG_1175.jpg\"  title=\"IMG_1175\" ><\/div><div class=\"thumbnail-overlay\"><div class=\"rbsIcons\"><i class=\"fa fa-image rbsZoomIcon \" ><\/i><\/div><\/div><\/div><\/div><div class=\"rbs-img  category378 \" ><div class=\"rbs-img-image   rbs-lightbox \" ><div class=\"rbs-img-thumbs\"  data-thumbnail=\"https:\/\/photo.roland.yt\/wp-content\/uploads\/2024\/02\/IMG_1183-1024x768.jpg\"  title=\"IMG_1183\"  data-width=\"1024\"  data-height=\"768\" ><\/div><div class=\"rbs-img-data-popup\"  data-popup=\"https:\/\/photo.roland.yt\/wp-content\/uploads\/2024\/02\/IMG_1183.jpg\"  title=\"IMG_1183\" ><\/div><div class=\"thumbnail-overlay\"><div class=\"rbsIcons\"><i class=\"fa fa-image rbsZoomIcon \" ><\/i><\/div><\/div><\/div><\/div><div class=\"rbs-img  category378 \"  data-columns=\"4\" ><div class=\"rbs-img-image   rbs-lightbox \" ><div class=\"rbs-img-thumbs\"  data-thumbnail=\"https:\/\/photo.roland.yt\/wp-content\/uploads\/2024\/02\/IMG_1184-1024x768.jpg\"  title=\"IMG_1184\"  data-width=\"1024\"  data-height=\"768\" ><\/div><div class=\"rbs-img-data-popup\"  data-popup=\"https:\/\/photo.roland.yt\/wp-content\/uploads\/2024\/02\/IMG_1184.jpg\"  title=\"IMG_1184\" ><\/div><div class=\"thumbnail-overlay\"><div class=\"rbsIcons\"><i class=\"fa fa-image rbsZoomIcon \" ><\/i><\/div><\/div><\/div><\/div><div class=\"rbs-img  category378 \" ><div class=\"rbs-img-image   rbs-lightbox \" ><div class=\"rbs-img-thumbs\"  data-thumbnail=\"https:\/\/photo.roland.yt\/wp-content\/uploads\/2024\/02\/IMG_1194-1024x768.jpg\"  title=\"IMG_1194\"  data-width=\"1024\"  data-height=\"768\" ><\/div><div class=\"rbs-img-data-popup\"  data-popup=\"https:\/\/photo.roland.yt\/wp-content\/uploads\/2024\/02\/IMG_1194.jpg\"  title=\"IMG_1194\" ><\/div><div class=\"thumbnail-overlay\"><div class=\"rbsIcons\"><i class=\"fa fa-image rbsZoomIcon \" ><\/i><\/div><\/div><\/div><\/div><div class=\"rbs-img  category378 \" ><div class=\"rbs-img-image   rbs-lightbox \" ><div class=\"rbs-img-thumbs\"  data-thumbnail=\"https:\/\/photo.roland.yt\/wp-content\/uploads\/2024\/02\/IMG_1207-1024x768.jpg\"  title=\"IMG_1207\"  data-width=\"1024\"  data-height=\"768\" ><\/div><div class=\"rbs-img-data-popup\"  data-popup=\"https:\/\/photo.roland.yt\/wp-content\/uploads\/2024\/02\/IMG_1207.jpg\"  title=\"IMG_1207\" ><\/div><div class=\"thumbnail-overlay\"><div class=\"rbsIcons\"><i class=\"fa fa-image rbsZoomIcon \" ><\/i><\/div><\/div><\/div><\/div><div class=\"rbs-img  category378 \" ><div class=\"rbs-img-image   rbs-lightbox \" ><div class=\"rbs-img-thumbs\"  data-thumbnail=\"https:\/\/photo.roland.yt\/wp-content\/uploads\/2024\/02\/IMG_1209-1024x768.jpg\"  title=\"IMG_1209\"  data-width=\"1024\"  data-height=\"768\" ><\/div><div class=\"rbs-img-data-popup\"  data-popup=\"https:\/\/photo.roland.yt\/wp-content\/uploads\/2024\/02\/IMG_1209.jpg\"  title=\"IMG_1209\" ><\/div><div class=\"thumbnail-overlay\"><div class=\"rbsIcons\"><i class=\"fa fa-image rbsZoomIcon \" ><\/i><\/div><\/div><\/div><\/div><div class=\"rbs-img  category378 \"  data-columns=\"3\" ><div class=\"rbs-img-image   rbs-lightbox \" ><div class=\"rbs-img-thumbs\"  data-thumbnail=\"https:\/\/photo.roland.yt\/wp-content\/uploads\/2024\/02\/IMG_0296-768x1024.jpg\"  title=\"IMG_0296\"  data-width=\"768\"  data-height=\"1024\" ><\/div><div class=\"rbs-img-data-popup\"  data-popup=\"https:\/\/photo.roland.yt\/wp-content\/uploads\/2024\/02\/IMG_0296.jpg\"  title=\"IMG_0296\" ><\/div><div class=\"thumbnail-overlay\"><div class=\"rbsIcons\"><i class=\"fa fa-image rbsZoomIcon \" ><\/i><\/div><\/div><\/div><\/div><\/div><\/div><\/div><script>var rbs_gallery_69f19d86cca24 = {\"version\":\"5.1.4\",\"id\":378,\"class\":\"id378\",\"roboGalleryDelay\":1000,\"mainContainer\":\"#robo_gallery_main_block_rbs_gallery_69f19d86cca24\",\"loadingContainer\":\"#rbs_gallery_69f19d86cca24-block-loader\",\"loadingContainerObj\":\"rbs_gallery_69f19d86cca24-block-loader\",\"columnWidth\":\"auto\",\"columns\":8,\"resolutions\":[{\"columnWidth\":\"auto\",\"columns\":3,\"maxWidth\":960},{\"columnWidth\":\"auto\",\"columns\":2,\"maxWidth\":650},{\"columnWidth\":\"auto\",\"columns\":1,\"maxWidth\":450}],\"protectionEnable\":true,\"lightboxOptions\":{\"gallery\":{\"enabled\":true,\"tCounter\":\"%curr% of %total%\"}},\"borderSize\":5,\"overlayEffect\":\"direction-aware-fade\",\"boxesToLoadStart\":20,\"boxesToLoad\":8,\"waitUntilThumbLoads\":1,\"LoadingWord\":\"Loading...\",\"loadMoreWord\":\"Load More\",\"noMoreEntriesWord\":\"No More Entries\",\"horizontalSpaceBetweenBoxes\":15,\"verticalSpaceBetweenBoxes\":15,\"lazyLoad\":1,\"wrapContainer\":\"#robo-gallery-wrap-rbs_gallery_69f19d86cca24\"};<\/script>\n","protected":false},"excerpt":{"rendered":"","protected":false},"author":1,"featured_media":0,"parent":0,"menu_order":0,"comment_status":"closed","ping_status":"closed","template":"","meta":{"footnotes":""},"class_list":["post-360","page","type-page","status-publish","hentry"],"yoast_head":"<!-- This site is optimized with the Yoast SEO plugin v27.4 - https:\/\/yoast.com\/product\/yoast-seo-wordpress\/ -->\n<title>Portland USA - photo Fran\u00e7ois ROLAND<\/title>\n<meta name=\"description\" content=\"photo de rue, regard diff\u00e9rent, photographie, photo fran\u00e7ois roland, street photo, street photography, USA, Portland\" \/>\n<meta name=\"robots\" content=\"index, follow, max-snippet:-1, max-image-preview:large, max-video-preview:-1\" \/>\n<link rel=\"canonical\" href=\"https:\/\/photo.roland.yt\/?page_id=360\" \/>\n<meta property=\"og:locale\" content=\"fr_FR\" \/>\n<meta property=\"og:type\" content=\"article\" \/>\n<meta property=\"og:title\" content=\"Portland USA - photo Fran\u00e7ois ROLAND\" \/>\n<meta property=\"og:description\" content=\"photo de rue, regard diff\u00e9rent, photographie, photo fran\u00e7ois roland, street photo, street photography, USA, Portland\" \/>\n<meta property=\"og:url\" content=\"https:\/\/photo.roland.yt\/?page_id=360\" \/>\n<meta property=\"og:site_name\" content=\"photo Fran\u00e7ois ROLAND\" \/>\n<meta property=\"article:modified_time\" content=\"2024-02-21T11:05:16+00:00\" \/>\n<meta name=\"twitter:card\" content=\"summary_large_image\" \/>\n<meta name=\"twitter:label1\" content=\"Dur\u00e9e de lecture estim\u00e9e\" \/>\n\t<meta name=\"twitter:data1\" content=\"1 minute\" \/>\n<script type=\"application\/ld+json\" class=\"yoast-schema-graph\">{\"@context\":\"https:\\\/\\\/schema.org\",\"@graph\":[{\"@type\":\"WebPage\",\"@id\":\"https:\\\/\\\/photo.roland.yt\\\/?page_id=360\",\"url\":\"https:\\\/\\\/photo.roland.yt\\\/?page_id=360\",\"name\":\"Portland USA - photo Fran\u00e7ois ROLAND\",\"isPartOf\":{\"@id\":\"https:\\\/\\\/photo.roland.yt\\\/#website\"},\"datePublished\":\"2024-02-21T10:42:37+00:00\",\"dateModified\":\"2024-02-21T11:05:16+00:00\",\"description\":\"photo de rue, regard diff\u00e9rent, photographie, photo fran\u00e7ois roland, street photo, street photography, USA, Portland\",\"breadcrumb\":{\"@id\":\"https:\\\/\\\/photo.roland.yt\\\/?page_id=360#breadcrumb\"},\"inLanguage\":\"fr-FR\",\"potentialAction\":[{\"@type\":\"ReadAction\",\"target\":[\"https:\\\/\\\/photo.roland.yt\\\/?page_id=360\"]}]},{\"@type\":\"BreadcrumbList\",\"@id\":\"https:\\\/\\\/photo.roland.yt\\\/?page_id=360#breadcrumb\",\"itemListElement\":[{\"@type\":\"ListItem\",\"position\":1,\"name\":\"Accueil\",\"item\":\"https:\\\/\\\/photo.roland.yt\\\/\"},{\"@type\":\"ListItem\",\"position\":2,\"name\":\"Portland USA\"}]},{\"@type\":\"WebSite\",\"@id\":\"https:\\\/\\\/photo.roland.yt\\\/#website\",\"url\":\"https:\\\/\\\/photo.roland.yt\\\/\",\"name\":\"photo Fran\u00e7ois ROLAND\",\"description\":\"\",\"publisher\":{\"@id\":\"https:\\\/\\\/photo.roland.yt\\\/#\\\/schema\\\/person\\\/c3f0c6e0faf4849e67da722f702154e6\"},\"potentialAction\":[{\"@type\":\"SearchAction\",\"target\":{\"@type\":\"EntryPoint\",\"urlTemplate\":\"https:\\\/\\\/photo.roland.yt\\\/?s={search_term_string}\"},\"query-input\":{\"@type\":\"PropertyValueSpecification\",\"valueRequired\":true,\"valueName\":\"search_term_string\"}}],\"inLanguage\":\"fr-FR\"},{\"@type\":[\"Person\",\"Organization\"],\"@id\":\"https:\\\/\\\/photo.roland.yt\\\/#\\\/schema\\\/person\\\/c3f0c6e0faf4849e67da722f702154e6\",\"name\":\"zeverybest\",\"image\":{\"@type\":\"ImageObject\",\"inLanguage\":\"fr-FR\",\"@id\":\"https:\\\/\\\/secure.gravatar.com\\\/avatar\\\/3352f932de9506753d08474f91965a3ffdeb05e0d4e86f7b5c32d7c248cad238?s=96&d=mm&r=g\",\"url\":\"https:\\\/\\\/secure.gravatar.com\\\/avatar\\\/3352f932de9506753d08474f91965a3ffdeb05e0d4e86f7b5c32d7c248cad238?s=96&d=mm&r=g\",\"contentUrl\":\"https:\\\/\\\/secure.gravatar.com\\\/avatar\\\/3352f932de9506753d08474f91965a3ffdeb05e0d4e86f7b5c32d7c248cad238?s=96&d=mm&r=g\",\"caption\":\"zeverybest\"},\"logo\":{\"@id\":\"https:\\\/\\\/secure.gravatar.com\\\/avatar\\\/3352f932de9506753d08474f91965a3ffdeb05e0d4e86f7b5c32d7c248cad238?s=96&d=mm&r=g\"},\"sameAs\":[\"http:\\\/\\\/192.168.1.67\"]}]}<\/script>\n<!-- \/ Yoast SEO plugin. -->","yoast_head_json":{"title":"Portland USA - photo Fran\u00e7ois ROLAND","description":"photo de rue, regard diff\u00e9rent, photographie, photo fran\u00e7ois roland, street photo, street photography, USA, Portland","robots":{"index":"index","follow":"follow","max-snippet":"max-snippet:-1","max-image-preview":"max-image-preview:large","max-video-preview":"max-video-preview:-1"},"canonical":"https:\/\/photo.roland.yt\/?page_id=360","og_locale":"fr_FR","og_type":"article","og_title":"Portland USA - photo Fran\u00e7ois ROLAND","og_description":"photo de rue, regard diff\u00e9rent, photographie, photo fran\u00e7ois roland, street photo, street photography, USA, Portland","og_url":"https:\/\/photo.roland.yt\/?page_id=360","og_site_name":"photo Fran\u00e7ois ROLAND","article_modified_time":"2024-02-21T11:05:16+00:00","twitter_card":"summary_large_image","twitter_misc":{"Dur\u00e9e de lecture estim\u00e9e":"1 minute"},"schema":{"@context":"https:\/\/schema.org","@graph":[{"@type":"WebPage","@id":"https:\/\/photo.roland.yt\/?page_id=360","url":"https:\/\/photo.roland.yt\/?page_id=360","name":"Portland USA - photo Fran\u00e7ois ROLAND","isPartOf":{"@id":"https:\/\/photo.roland.yt\/#website"},"datePublished":"2024-02-21T10:42:37+00:00","dateModified":"2024-02-21T11:05:16+00:00","description":"photo de rue, regard diff\u00e9rent, photographie, photo fran\u00e7ois roland, street photo, street photography, USA, Portland","breadcrumb":{"@id":"https:\/\/photo.roland.yt\/?page_id=360#breadcrumb"},"inLanguage":"fr-FR","potentialAction":[{"@type":"ReadAction","target":["https:\/\/photo.roland.yt\/?page_id=360"]}]},{"@type":"BreadcrumbList","@id":"https:\/\/photo.roland.yt\/?page_id=360#breadcrumb","itemListElement":[{"@type":"ListItem","position":1,"name":"Accueil","item":"https:\/\/photo.roland.yt\/"},{"@type":"ListItem","position":2,"name":"Portland USA"}]},{"@type":"WebSite","@id":"https:\/\/photo.roland.yt\/#website","url":"https:\/\/photo.roland.yt\/","name":"photo Fran\u00e7ois ROLAND","description":"","publisher":{"@id":"https:\/\/photo.roland.yt\/#\/schema\/person\/c3f0c6e0faf4849e67da722f702154e6"},"potentialAction":[{"@type":"SearchAction","target":{"@type":"EntryPoint","urlTemplate":"https:\/\/photo.roland.yt\/?s={search_term_string}"},"query-input":{"@type":"PropertyValueSpecification","valueRequired":true,"valueName":"search_term_string"}}],"inLanguage":"fr-FR"},{"@type":["Person","Organization"],"@id":"https:\/\/photo.roland.yt\/#\/schema\/person\/c3f0c6e0faf4849e67da722f702154e6","name":"zeverybest","image":{"@type":"ImageObject","inLanguage":"fr-FR","@id":"https:\/\/secure.gravatar.com\/avatar\/3352f932de9506753d08474f91965a3ffdeb05e0d4e86f7b5c32d7c248cad238?s=96&d=mm&r=g","url":"https:\/\/secure.gravatar.com\/avatar\/3352f932de9506753d08474f91965a3ffdeb05e0d4e86f7b5c32d7c248cad238?s=96&d=mm&r=g","contentUrl":"https:\/\/secure.gravatar.com\/avatar\/3352f932de9506753d08474f91965a3ffdeb05e0d4e86f7b5c32d7c248cad238?s=96&d=mm&r=g","caption":"zeverybest"},"logo":{"@id":"https:\/\/secure.gravatar.com\/avatar\/3352f932de9506753d08474f91965a3ffdeb05e0d4e86f7b5c32d7c248cad238?s=96&d=mm&r=g"},"sameAs":["http:\/\/192.168.1.67"]}]}},"_links":{"self":[{"href":"https:\/\/photo.roland.yt\/index.php?rest_route=\/wp\/v2\/pages\/360","targetHints":{"allow":["GET"]}}],"collection":[{"href":"https:\/\/photo.roland.yt\/index.php?rest_route=\/wp\/v2\/pages"}],"about":[{"href":"https:\/\/photo.roland.yt\/index.php?rest_route=\/wp\/v2\/types\/page"}],"author":[{"embeddable":true,"href":"https:\/\/photo.roland.yt\/index.php?rest_route=\/wp\/v2\/users\/1"}],"replies":[{"embeddable":true,"href":"https:\/\/photo.roland.yt\/index.php?rest_route=%2Fwp%2Fv2%2Fcomments&post=360"}],"version-history":[{"count":2,"href":"https:\/\/photo.roland.yt\/index.php?rest_route=\/wp\/v2\/pages\/360\/revisions"}],"predecessor-version":[{"id":403,"href":"https:\/\/photo.roland.yt\/index.php?rest_route=\/wp\/v2\/pages\/360\/revisions\/403"}],"wp:attachment":[{"href":"https:\/\/photo.roland.yt\/index.php?rest_route=%2Fwp%2Fv2%2Fmedia&parent=360"}],"curies":[{"name":"wp","href":"https:\/\/api.w.org\/{rel}","templated":true}]}}